{"id":1750,"date":"2025-11-18T14:44:33","date_gmt":"2025-11-18T13:44:33","guid":{"rendered":"https:\/\/mobiliasarl.com\/?post_type=product&#038;p=1750"},"modified":"2025-11-18T15:05:31","modified_gmt":"2025-11-18T14:05:31","slug":"presentoir-mobile","status":"publish","type":"product","link":"https:\/\/mobiliasarl.com\/index.php\/produit\/presentoir-mobile\/","title":{"rendered":"\u00a0PRESENTOIR MOBILE"},"content":{"rendered":"<p>&nbsp;<\/p>\n<p>Description g\u00e9n\u00e9rale: Pr\u00e9sentoir mobile professionnel simple face, con\u00e7u pour l\u2019exposition et la mise en valeur de documents, catalogues ou produits l\u00e9gers. Sa structure m\u00e9tallique robuste et ses tablettes r\u00e9glables offrent une grande flexibilit\u00e9 d\u2019utilisation dans les espaces commerciaux, halls ou salles d\u2019attente.<\/p>\n<p>Caract\u00e9ristiques techniques :\u00a0 \u2022Structure : M\u00e9tal peint, coloris noir \u2022Profils et tablettes : En polystyr\u00e8ne r\u00e9sistant, coloris noir \u2022Nombre de tablettes : 5 \u2022Dimensions hors tout (L x P x H) : 82,5 x 38,2 x 165 cm \u2022Dimensions utiles d\u2019une tablette : oLargeur : 75 cm &#8211; oProfondeur : 33 cm &#8211; oRebord avant : 3,5 cm &#8211; \u2022Capacit\u00e9 de charge : 4 kg par tablette \u2022R\u00e9glage : Tablettes r\u00e9glables tous les 2 cm et orientables \u00e0 0\u00b0, 45\u00b0 ou 75\u00b0 Capacit\u00e9 d\u2019exposition : Jusqu\u2019\u00e0 3 documents format 240 x 320 mm par tablette (dimensions utiles : 780 x 327 mm, rebord 40 mm) \u2022Mobilit\u00e9 : Mont\u00e9 sur 4 roulettes pivotantes pour un d\u00e9placement ais\u00e9 \u2022Poids total : 13,5 kg<\/p>\n<p>Avantages : \u2022Structure stable et durable \u2022R\u00e9glage et orientation modulables des tablettes \u2022Facile \u00e0 d\u00e9placer gr\u00e2ce aux roulettes pivotantes Grande capacit\u00e9 d\u2019exposition sur un espace r\u00e9duit<\/p>\n","protected":false},"excerpt":{"rendered":"<p>Description g\u00e9n\u00e9rale: Pr\u00e9sentoir mobile professionnel simple face, con\u00e7u pour l\u2019exposition et la mise en valeur de documents, catalogues ou produits l\u00e9gers. Sa structure m\u00e9tallique robuste et ses tablettes r\u00e9glables offrent une grande flexibilit\u00e9 d\u2019utilisation dans les espaces commerciaux, halls ou salles d\u2019attente.<\/p>\n<p>Caract\u00e9ristiques techniques :\u00a0 \u2022Structure : M\u00e9tal peint, coloris noir \u2022Profils et tablettes : En polystyr\u00e8ne r\u00e9sistant, coloris noir \u2022Nombre de tablettes : 5 \u2022Dimensions hors tout (L x P x H) : 82,5 x 38,2 x 165 cm \u2022Dimensions utiles d\u2019une tablette : oLargeur : 75 cm &#8211; oProfondeur : 33 cm &#8211; oRebord avant : 3,5 cm &#8211; \u2022Capacit\u00e9 de charge : 4 kg par tablette \u2022R\u00e9glage : Tablettes r\u00e9glables tous les 2 cm et orientables \u00e0 0\u00b0, 45\u00b0 ou 75\u00b0 Capacit\u00e9 d\u2019exposition : Jusqu\u2019\u00e0 3 documents format 240 x 320 mm par tablette (dimensions utiles : 780 x 327 mm, rebord 40 mm) \u2022Mobilit\u00e9 : Mont\u00e9 sur 4 roulettes pivotantes pour un d\u00e9placement ais\u00e9 \u2022Poids total : 13,5 kg<\/p>\n","protected":false},"featured_media":1751,"comment_status":"open","ping_status":"closed","template":"","meta":[],"_links":{"self":[{"href":"https:\/\/mobiliasarl.com\/index.php\/wp-json\/wp\/v2\/product\/1750"}],"collection":[{"href":"https:\/\/mobiliasarl.com\/index.php\/wp-json\/wp\/v2\/product"}],"about":[{"href":"https:\/\/mobiliasarl.com\/index.php\/wp-json\/wp\/v2\/types\/product"}],"replies":[{"embeddable":true,"href":"https:\/\/mobiliasarl.com\/index.php\/wp-json\/wp\/v2\/comments?post=1750"}],"wp:featuredmedia":[{"embeddable":true,"href":"https:\/\/mobiliasarl.com\/index.php\/wp-json\/wp\/v2\/media\/1751"}],"wp:attachment":[{"href":"https:\/\/mobiliasarl.com\/index.php\/wp-json\/wp\/v2\/media?parent=1750"}],"curies":[{"name":"wp","href":"https:\/\/api.w.org\/{rel}","templated":true}]}}