{"id":1739,"date":"2025-11-18T14:31:39","date_gmt":"2025-11-18T13:31:39","guid":{"rendered":"https:\/\/mobiliasarl.com\/?post_type=product&#038;p=1739"},"modified":"2025-11-18T15:03:49","modified_gmt":"2025-11-18T14:03:49","slug":"table-de-travail","status":"publish","type":"product","link":"https:\/\/mobiliasarl.com\/index.php\/produit\/table-de-travail\/","title":{"rendered":"TABLE DE TRAVAIL"},"content":{"rendered":"<p><b>Dimensions <\/b><b>&amp; Encombrement<\/b>: \u2022Largeur : 70 cm \u2022Profondeur : 50 cm \u2022Hauteur : 74 cm\u00a0 \u2022\u00c9paisseur du plateau : 19 mm<\/p>\n<p><b>Plateau<\/b>: \u2022Mat\u00e9riau : Panneau en m\u00e9lamin\u00e9 haute r\u00e9sistance \u2022Finition : Surface lisse, r\u00e9sistante aux rayures\u00a0 \u2022Couleur : H\u00eatre (ton bois naturel) \u2022Forme : Rectangulaire (optimisation de l\u2019espace de travail)<\/p>\n<p><b>Pi\u00e9tement:\u00a0 <\/b>\u2022Type : 4 pieds droits en m\u00e9tal \u2022Mat\u00e9riau : Acier renforc\u00e9<\/p>\n<p><strong>Finition<\/strong> : Peinture \u00e9poxy anti-rayures, r\u00e9sistante \u00e0 la corrosion \u2022Couleur : Noir<\/p>\n<p><b>Caract\u00e9ristiques g\u00e9n\u00e9rales<\/b>: \u2022Style : Sobre et moderne, adapt\u00e9 aux salles de classe, espaces de coworking, bureaux ou centres de formation <strong>Ergonomie<\/strong> : Dimensions con\u00e7ues pour le confort de l\u2019apprenant \u2022Montage: Assemblage simple (plateau + pi\u00e9tement) \u2022Origine : Meuble import\u00e9<\/p>\n<p><b>Atouts du produit: <\/b>\u2022Plateau r\u00e9sistant et facile \u00e0 nettoyer \u2022Design fonctionnel et compact, optimisant l\u2019espace \u2022Pi\u00e9tement m\u00e9tallique garantissant stabilit\u00e9 et durabilit\u00e9 \u2022Alliance de couleurs noir &amp; h\u00eatre pour un rendu professionnel et chaleureux<\/p>\n","protected":false},"excerpt":{"rendered":"<p><b>Dimensions <\/b><b>&amp; Encombrement<\/b>: \u2022Largeur : 70 cm \u2022Profondeur : 50 cm \u2022Hauteur : 74 cm\u00a0 \u2022\u00c9paisseur du plateau : 19 mm<\/p>\n<p><b>Plateau<\/b>: \u2022Mat\u00e9riau : Panneau en m\u00e9lamin\u00e9 haute r\u00e9sistance \u2022Finition : Surface lisse, r\u00e9sistante aux rayures\u00a0 \u2022Couleur : H\u00eatre (ton bois naturel) \u2022Forme : Rectangulaire (optimisation de l\u2019espace de travail)<\/p>\n<p><b>Pi\u00e9tement:\u00a0 <\/b>\u2022Type : 4 pieds droits en m\u00e9tal \u2022Mat\u00e9riau : Acier renforc\u00e9<\/p>\n<p><strong>Finition<\/strong> : Peinture \u00e9poxy anti-rayures, r\u00e9sistante \u00e0 la corrosion \u2022Couleur : Noir<\/p>\n","protected":false},"featured_media":1741,"comment_status":"open","ping_status":"closed","template":"","meta":[],"_links":{"self":[{"href":"https:\/\/mobiliasarl.com\/index.php\/wp-json\/wp\/v2\/product\/1739"}],"collection":[{"href":"https:\/\/mobiliasarl.com\/index.php\/wp-json\/wp\/v2\/product"}],"about":[{"href":"https:\/\/mobiliasarl.com\/index.php\/wp-json\/wp\/v2\/types\/product"}],"replies":[{"embeddable":true,"href":"https:\/\/mobiliasarl.com\/index.php\/wp-json\/wp\/v2\/comments?post=1739"}],"wp:featuredmedia":[{"embeddable":true,"href":"https:\/\/mobiliasarl.com\/index.php\/wp-json\/wp\/v2\/media\/1741"}],"wp:attachment":[{"href":"https:\/\/mobiliasarl.com\/index.php\/wp-json\/wp\/v2\/media?parent=1739"}],"curies":[{"name":"wp","href":"https:\/\/api.w.org\/{rel}","templated":true}]}}