{"id":1628,"date":"2025-11-16T11:39:10","date_gmt":"2025-11-16T10:39:10","guid":{"rendered":"https:\/\/mobiliasarl.com\/?post_type=product&#038;p=1628"},"modified":"2025-11-17T09:38:18","modified_gmt":"2025-11-17T08:38:18","slug":"chaise-visiteur-bourree-ws-452","status":"publish","type":"product","link":"https:\/\/mobiliasarl.com\/index.php\/produit\/chaise-visiteur-bourree-ws-452\/","title":{"rendered":"CHAISE VISITEUR BOURREE WS-452"},"content":{"rendered":"<p>Chaise visiteur en cuir bourr\u00e9e avec accoudoirs capitonn\u00e9s avec 4 pieds chrom\u00e9s aux\u00a0 normes ergonomiques<\/p>\n<p>Unit\u00e9 centrale perfor\u00e9e, accoudoirs capitonn\u00e9s<\/p>\n<p>Tube en acier enduit par poudre argent\u00e9e de technologie NTS fait avec la technologie r\u00e9tr\u00e9cie de tube<\/p>\n<p>Les rassemblements respectent les normes internationales de BIFMA<\/p>\n<p>&nbsp;<\/p>\n","protected":false},"excerpt":{"rendered":"<p>Chaise visiteur en cuir bourr\u00e9e avec accoudoirs capitonn\u00e9s avec 4 pieds chrom\u00e9s aux\u00a0 normes ergonomiques<\/p>\n<p>Unit\u00e9 centrale perfor\u00e9e, accoudoirs capitonn\u00e9s<\/p>\n<p>Tube en acier enduit par poudre argent\u00e9e de technologie NTS fait avec la technologie r\u00e9tr\u00e9cie de tube<\/p>\n<p>Les rassemblements respectent les normes internationales de BIFMA<\/p>\n<p>&nbsp;<\/p>\n","protected":false},"featured_media":1629,"comment_status":"open","ping_status":"closed","template":"","meta":[],"_links":{"self":[{"href":"https:\/\/mobiliasarl.com\/index.php\/wp-json\/wp\/v2\/product\/1628"}],"collection":[{"href":"https:\/\/mobiliasarl.com\/index.php\/wp-json\/wp\/v2\/product"}],"about":[{"href":"https:\/\/mobiliasarl.com\/index.php\/wp-json\/wp\/v2\/types\/product"}],"replies":[{"embeddable":true,"href":"https:\/\/mobiliasarl.com\/index.php\/wp-json\/wp\/v2\/comments?post=1628"}],"wp:featuredmedia":[{"embeddable":true,"href":"https:\/\/mobiliasarl.com\/index.php\/wp-json\/wp\/v2\/media\/1629"}],"wp:attachment":[{"href":"https:\/\/mobiliasarl.com\/index.php\/wp-json\/wp\/v2\/media?parent=1628"}],"curies":[{"name":"wp","href":"https:\/\/api.w.org\/{rel}","templated":true}]}}