{"id":1602,"date":"2025-11-15T19:57:26","date_gmt":"2025-11-15T18:57:26","guid":{"rendered":"https:\/\/mobiliasarl.com\/?post_type=product&#038;p=1602"},"modified":"2025-11-15T19:57:26","modified_gmt":"2025-11-15T18:57:26","slug":"fauteuil-caisse-ergonomique-at-02b","status":"publish","type":"product","link":"https:\/\/mobiliasarl.com\/index.php\/produit\/fauteuil-caisse-ergonomique-at-02b\/","title":{"rendered":"FAUTEUIL CAISSE ERGONOMIQUE AT-02B"},"content":{"rendered":"<p>Fauteuil caisse ergonomique, dossier en maille, assise en tissu, grande hauteur,\u00a0\u00a0 top confort.<\/p>\n<p>Accoudoirs r\u00e9glables et rotatifs<\/p>\n<p>Parfaite alliance entre robustesse et confort, avec plusieurs heures d\u2019assise sans douleur.<\/p>\n<p>M\u00e9canisme synchrone, accoudoirs r\u00e9glables.<\/p>\n<p>Pi\u00e9tement \u00e0 5 branches chrom\u00e9es avec roulettes.<\/p>\n<p>Repose-pieds de forme circulaire et chrom\u00e9, tr\u00e8s r\u00e9sistant.<\/p>\n","protected":false},"excerpt":{"rendered":"<p>Fauteuil caisse ergonomique, dossier en maille, assise en tissu, grande hauteur,\u00a0\u00a0 top confort.<\/p>\n<p>Accoudoirs r\u00e9glables et rotatifs<\/p>\n<p>Parfaite alliance entre robustesse et confort, avec plusieurs heures d\u2019assise sans douleur.<\/p>\n<p>M\u00e9canisme synchrone, accoudoirs r\u00e9glables.<\/p>\n","protected":false},"featured_media":1603,"comment_status":"open","ping_status":"closed","template":"","meta":[],"_links":{"self":[{"href":"https:\/\/mobiliasarl.com\/index.php\/wp-json\/wp\/v2\/product\/1602"}],"collection":[{"href":"https:\/\/mobiliasarl.com\/index.php\/wp-json\/wp\/v2\/product"}],"about":[{"href":"https:\/\/mobiliasarl.com\/index.php\/wp-json\/wp\/v2\/types\/product"}],"replies":[{"embeddable":true,"href":"https:\/\/mobiliasarl.com\/index.php\/wp-json\/wp\/v2\/comments?post=1602"}],"wp:featuredmedia":[{"embeddable":true,"href":"https:\/\/mobiliasarl.com\/index.php\/wp-json\/wp\/v2\/media\/1603"}],"wp:attachment":[{"href":"https:\/\/mobiliasarl.com\/index.php\/wp-json\/wp\/v2\/media?parent=1602"}],"curies":[{"name":"wp","href":"https:\/\/api.w.org\/{rel}","templated":true}]}}