{"id":1329,"date":"2021-11-11T12:49:59","date_gmt":"2021-11-11T11:49:59","guid":{"rendered":"https:\/\/mobiliasarl.com\/?post_type=product&#038;p=1329"},"modified":"2025-11-15T16:06:12","modified_gmt":"2025-11-15T15:06:12","slug":"coffre-fort-bumil-safe-esd-101","status":"publish","type":"product","link":"https:\/\/mobiliasarl.com\/index.php\/produit\/coffre-fort-bumil-safe-esd-101\/","title":{"rendered":"COFFRE-FORT BUMIL SAFE ESD101"},"content":{"rendered":"<p>Coffre-fort \u00e9lectronique + serrure \u00e0 cl\u00e9<br \/>\nType : coffre-fort horizontal<br \/>\nTaille ext\u00e9rieure : H307\u00d7W412\u00d7D334 (mm)<br \/>\nTaille int\u00e9rieure : H230\u00d7W335\u00d7D224(mm)<br \/>\nPoids : 30Kgs<br \/>\nOrigine : Unit\u00e9 compl\u00e8te import\u00e9e de Cor\u00e9e<br \/>\n(Avec certificat de qualit\u00e9, origine)<\/p>\n","protected":false},"excerpt":{"rendered":"<p>Coffre-fort \u00e9lectronique + serrure \u00e0 cl\u00e9<br \/>\nType : coffre-fort horizontal<br \/>\nTaille ext\u00e9rieure : H307\u00d7W412\u00d7D334 (mm)<br \/>\nTaille int\u00e9rieure : H230\u00d7W335\u00d7D224(mm)<br \/>\nPoids : 30Kgs<br \/>\nOrigine : Unit\u00e9 compl\u00e8te import\u00e9e de Cor\u00e9e<br \/>\n(Avec certificat de qualit\u00e9, origine)<\/p>\n","protected":false},"featured_media":1330,"comment_status":"open","ping_status":"closed","template":"","meta":[],"_links":{"self":[{"href":"https:\/\/mobiliasarl.com\/index.php\/wp-json\/wp\/v2\/product\/1329"}],"collection":[{"href":"https:\/\/mobiliasarl.com\/index.php\/wp-json\/wp\/v2\/product"}],"about":[{"href":"https:\/\/mobiliasarl.com\/index.php\/wp-json\/wp\/v2\/types\/product"}],"replies":[{"embeddable":true,"href":"https:\/\/mobiliasarl.com\/index.php\/wp-json\/wp\/v2\/comments?post=1329"}],"wp:featuredmedia":[{"embeddable":true,"href":"https:\/\/mobiliasarl.com\/index.php\/wp-json\/wp\/v2\/media\/1330"}],"wp:attachment":[{"href":"https:\/\/mobiliasarl.com\/index.php\/wp-json\/wp\/v2\/media?parent=1329"}],"curies":[{"name":"wp","href":"https:\/\/api.w.org\/{rel}","templated":true}]}}